{"id":5246,"date":"2025-09-02T10:28:43","date_gmt":"2025-09-02T10:28:43","guid":{"rendered":"https:\/\/bovistudio.eu\/?page_id=5246"},"modified":"2026-01-16T08:27:21","modified_gmt":"2026-01-16T08:27:21","slug":"klientai","status":"publish","type":"page","link":"https:\/\/bovistudio.eu\/en\/klientai\/","title":{"rendered":"Clients"},"content":{"rendered":"<div data-elementor-type=\"wp-page\" data-elementor-id=\"5246\" class=\"elementor elementor-5246\" data-elementor-post-type=\"page\">\n\t\t\t\t\t\t<section class=\"wavo-column-gap-default elementor-section elementor-top-section elementor-element elementor-element-f9dd7ab elementor-section-stretched nt-section section-padding elementor-section-boxed elementor-section-height-default elementor-section-height-default wpr-particle-no wpr-jarallax-no wpr-parallax-no wpr-sticky-section-no\" data-id=\"f9dd7ab\" data-element_type=\"section\" data-settings=\"{&quot;stretch_section&quot;:&quot;section-stretched&quot;,&quot;background_background&quot;:&quot;classic&quot;}\">\n\t\t\t\t\t\t<div class=\"elementor-container elementor-column-gap-default\">\n\t\t\t\t\t<div class=\"elementor-column elementor-col-100 elementor-top-column elementor-element elementor-element-69aa9ff\" data-id=\"69aa9ff\" data-element_type=\"column\">\n\t\t\t<div class=\"elementor-widget-wrap elementor-element-populated\">\n\t\t\t\t\t\t<div class=\"elementor-element elementor-element-e22c8ae wavo-transform transform-type-translate elementor-widget elementor-widget-heading\" data-id=\"e22c8ae\" data-element_type=\"widget\" data-widget_type=\"heading.default\">\n\t\t\t\t\t<h1 class=\"elementor-heading-title elementor-size-default\">Our Clients and 3D Visualization Partners<\/h1>\t\t\t\t<\/div>\n\t\t\t\t\t<\/div>\n\t\t<\/div>\n\t\t\t\t\t<\/div>\n\t\t<\/section>\n\t\t\t\t<section class=\"wavo-column-gap-default elementor-section elementor-top-section elementor-element elementor-element-f8e025c elementor-section-stretched nt-section section-padding elementor-section-boxed elementor-section-height-default elementor-section-height-default wpr-particle-no wpr-jarallax-no wpr-parallax-no wpr-sticky-section-no\" data-id=\"f8e025c\" data-element_type=\"section\" data-settings=\"{&quot;stretch_section&quot;:&quot;section-stretched&quot;}\">\n\t\t\t\t\t\t<div class=\"elementor-container elementor-column-gap-default\">\n\t\t\t\t\t<div class=\"elementor-column elementor-col-100 elementor-top-column elementor-element elementor-element-7dc0743\" data-id=\"7dc0743\" data-element_type=\"column\">\n\t\t\t<div class=\"elementor-widget-wrap elementor-element-populated\">\n\t\t\t\t\t\t<div class=\"elementor-element elementor-element-4aed12f elementor-widget elementor-widget-wavo-brands-board\" data-id=\"4aed12f\" data-element_type=\"widget\" data-widget_type=\"wavo-brands-board.default\">\n\t\t\t\t<div class=\"elementor-widget-container\">\n\t\t\t\t\t<div class=\"clients\"><div class=\"container-off\"><div class=\"row\"><div class=\"col-md-3 col-6 brands\"><div class=\"item wow fadeIn\" data-wow-delay=\".5s\"><div class=\"img\"><img decoding=\"async\" src=\"https:\/\/bovistudio.eu\/wp-content\/uploads\/2025\/09\/11910109.png\" alt=\"Capital logo\"><\/div><a href=\"https:\/\/www.capital.lt\" class=\"link\" target=\"_blank\" data-splitting=\"chars\">www.capital.lt<\/a><\/div><\/div><div class=\"col-md-3 col-6 brands\"><div class=\"item wow fadeIn\" data-wow-delay=\".9s\"><div class=\"img\"><img decoding=\"async\" src=\"https:\/\/bovistudio.eu\/wp-content\/uploads\/2025\/09\/Hanner-logo.jpg\" alt=\"Hanner logo\"><\/div><a href=\"https:\/\/hanner.lt\" class=\"link\" target=\"_blank\" data-splitting=\"chars\">www.hanner.lt<\/a><\/div><\/div><div class=\"col-md-3 col-6 brands\"><div class=\"item wow fadeIn\" data-wow-delay=\".4s\"><div class=\"img\"><img decoding=\"async\" src=\"https:\/\/bovistudio.eu\/wp-content\/uploads\/2025\/09\/ekobau_logo.png\" alt=\"Ekobau logo\"><\/div><a href=\"https:\/\/eko-bau.eu\" class=\"link\" target=\"_blank\" data-splitting=\"chars\">www.eko-bau.eu<\/a><\/div><\/div><div class=\"col-md-3 col-6 brands\"><div class=\"item wow fadeIn\" data-wow-delay=\".6s\"><div class=\"img\"><img decoding=\"async\" src=\"https:\/\/bovistudio.eu\/wp-content\/uploads\/2025\/09\/unnamed.png\" alt=\"Numo logo\"><\/div><a href=\"https:\/\/www.numo.lt\/lt\" class=\"link\" target=\"_blank\" data-splitting=\"chars\">www.numo.lt<\/a><\/div><\/div><\/div><\/div><\/div>\t\t\t\t<\/div>\n\t\t\t\t<\/div>\n\t\t\t\t<div class=\"elementor-element elementor-element-63a418e elementor-widget elementor-widget-wavo-brands-board\" data-id=\"63a418e\" data-element_type=\"widget\" data-widget_type=\"wavo-brands-board.default\">\n\t\t\t\t<div class=\"elementor-widget-container\">\n\t\t\t\t\t<div class=\"clients\"><div class=\"container-off\"><div class=\"row\"><div class=\"col-md-3 col-6 brands\"><div class=\"item wow fadeIn\" data-wow-delay=\".6s\"><div class=\"img\"><img decoding=\"async\" src=\"https:\/\/bovistudio.eu\/wp-content\/uploads\/2025\/09\/social_share-1.jpg\" alt=\"EIka logo\"><\/div><a href=\"https:\/\/eikagroup.lt\" class=\"link\" target=\"_blank\" data-splitting=\"chars\">www.eikagroup.lt<\/a><\/div><\/div><div class=\"col-md-3 col-6 brands\"><div class=\"item wow fadeIn\" data-wow-delay=\".3s\"><div class=\"img\"><img decoding=\"async\" src=\"https:\/\/bovistudio.eu\/wp-content\/uploads\/2025\/09\/464143939_1281964359888313_8050015132116713922_n.jpg\" alt=\"Oberhaus logo\"><\/div><a href=\"https:\/\/www.ober-haus.lt\" class=\"link\" target=\"_blank\" data-splitting=\"chars\">www.ober-haus.lt<\/a><\/div><\/div><div class=\"col-md-3 col-6 brands\"><div class=\"item wow fadeIn\" data-wow-delay=\".4s\"><div class=\"img\"><img decoding=\"async\" src=\"https:\/\/bovistudio.eu\/wp-content\/uploads\/2025\/09\/R-SM.jpg\" alt=\"RSM logo\"><\/div><a href=\"https:\/\/r-sm.lt\" class=\"link\" target=\"_blank\" data-splitting=\"chars\">www.r-sm.lt<\/a><\/div><\/div><div class=\"col-md-3 col-6 brands\"><div class=\"item wow fadeIn\" data-wow-delay=\".6s\"><div class=\"img\"><img decoding=\"async\" src=\"https:\/\/bovistudio.eu\/wp-content\/uploads\/2025\/09\/juda-lt-logo-dark-min.png\" alt=\"Juda logo\"><\/div><a href=\"https:\/\/juda.lt\" class=\"link\" target=\"_blank\" data-splitting=\"chars\">www.juda.lt<\/a><\/div><\/div><\/div><\/div><\/div>\t\t\t\t<\/div>\n\t\t\t\t<\/div>\n\t\t\t\t<div class=\"elementor-element elementor-element-11b3c40 elementor-widget elementor-widget-wavo-brands-board\" data-id=\"11b3c40\" data-element_type=\"widget\" data-widget_type=\"wavo-brands-board.default\">\n\t\t\t\t<div class=\"elementor-widget-container\">\n\t\t\t\t\t<div class=\"clients\"><div class=\"container-off\"><div class=\"row\"><div class=\"col-md-3 col-6 brands\"><div class=\"item wow fadeIn\" data-wow-delay=\".5s\"><div class=\"img\"><img decoding=\"async\" src=\"https:\/\/bovistudio.eu\/wp-content\/uploads\/2025\/09\/elipsa.jpg\" alt=\"Elipsa logo\"><\/div><a href=\"https:\/\/www.elipsa.ai\" class=\"link\" target=\"_blank\" data-splitting=\"chars\">www.elipsa.ai<\/a><\/div><\/div><div class=\"col-md-3 col-6 brands\"><div class=\"item wow fadeIn\" data-wow-delay=\".4s\"><div class=\"img\"><img decoding=\"async\" src=\"https:\/\/bovistudio.eu\/wp-content\/uploads\/2025\/09\/d3cae0_033f456a824e482687aa9fc98228b83cmv2-1932x1200.png\" alt=\"ARR logo\"><\/div><a href=\"https:\/\/www.arr.lt\" class=\"link\" target=\"_blank\" data-splitting=\"chars\">www.arr.lt<\/a><\/div><\/div><div class=\"col-md-3 col-6 brands\"><div class=\"item wow fadeIn\" data-wow-delay=\".9s\"><div class=\"img\"><img decoding=\"async\" src=\"https:\/\/bovistudio.eu\/wp-content\/uploads\/2025\/09\/9956ad6f-a2b7-4dc1-94f3-6f2423583eac.jpg\" alt=\"Sustainible house logo\"><\/div><a href=\"https:\/\/www.sustainablehouse.lt\" class=\"link\" target=\"_blank\" data-splitting=\"chars\">www.sustainablehouse.lt<\/a><\/div><\/div><div class=\"col-md-3 col-6 brands\"><div class=\"item wow fadeIn\" data-wow-delay=\".5s\"><div class=\"img\"><img decoding=\"async\" src=\"https:\/\/bovistudio.eu\/wp-content\/uploads\/2025\/09\/301761210_507487441371969_2025067430091584794_n-1449x1200.jpg\" alt=\"Sip tau logo\"><\/div><a href=\"http:\/\/siptau.lt\" class=\"link\" target=\"_blank\" data-splitting=\"chars\">www.siptau.lt<\/a><\/div><\/div><\/div><\/div><\/div>\t\t\t\t<\/div>\n\t\t\t\t<\/div>\n\t\t\t\t\t<\/div>\n\t\t<\/div>\n\t\t\t\t\t<\/div>\n\t\t<\/section>\n\t\t\t\t<\/div>","protected":false},"excerpt":{"rendered":"<p>M\u016bs\u0173 klientai ir 3D vizualizacij\u0173 partneriai www.capital.ltwww.hanner.ltwww.eko-bau.euwww.numo.lt www.eikagroup.ltwww.ober-haus.ltwww.r-sm.ltwww.juda.lt www.elipsa.aiwww.arr.ltwww.sustainablehouse.ltwww.siptau.lt<\/p>","protected":false},"author":1,"featured_media":0,"parent":0,"menu_order":0,"comment_status":"closed","ping_status":"closed","template":"wavo-elementor-page.php","meta":{"_acf_changed":false,"footnotes":""},"class_list":{"0":"post-5246","1":"page","2":"type-page","3":"status-publish","4":"hentry","5":"nt-post-class","6":"","7":"thumb-none","9":"excerpt-none"},"acf":[],"yoast_head":"<!-- This site is optimized with the Yoast SEO plugin v26.8 - https:\/\/yoast.com\/product\/yoast-seo-wordpress\/ -->\n<title>Klientai | M\u016bs\u0173 partneriai ir klientai- BOVI Studio<\/title>\n<meta name=\"description\" content=\"Su\u017einokite, kas pasitiki BOVI Studio. M\u016bs\u0173 klientai \u2013 vystytojai ir architektai, vertinantys auk\u0161\u010diausios kokyb\u0117s 3D vizualizacijas.\" \/>\n<meta name=\"robots\" content=\"index, follow, max-snippet:-1, max-image-preview:large, max-video-preview:-1\" \/>\n<link rel=\"canonical\" href=\"https:\/\/bovistudio.eu\/en\/klientai\/\" \/>\n<meta property=\"og:locale\" content=\"en_US\" \/>\n<meta property=\"og:type\" content=\"article\" \/>\n<meta property=\"og:title\" content=\"Klientai | M\u016bs\u0173 partneriai ir klientai- BOVI Studio\" \/>\n<meta property=\"og:description\" content=\"Su\u017einokite, kas pasitiki BOVI Studio. M\u016bs\u0173 klientai \u2013 vystytojai ir architektai, vertinantys auk\u0161\u010diausios kokyb\u0117s 3D vizualizacijas.\" \/>\n<meta property=\"og:url\" content=\"https:\/\/bovistudio.eu\/en\/klientai\/\" \/>\n<meta property=\"og:site_name\" content=\"BOVI Studio\" \/>\n<meta property=\"article:modified_time\" content=\"2026-01-16T08:27:21+00:00\" \/>\n<meta property=\"og:image\" content=\"https:\/\/bovistudio.eu\/wp-content\/uploads\/2025\/09\/11910109.png\" \/>\n<meta name=\"twitter:card\" content=\"summary_large_image\" \/>\n<meta name=\"twitter:label1\" content=\"Est. reading time\" \/>\n\t<meta name=\"twitter:data1\" content=\"3 minutes\" \/>\n<script type=\"application\/ld+json\" class=\"yoast-schema-graph\">{\"@context\":\"https:\/\/schema.org\",\"@graph\":[{\"@type\":\"WebPage\",\"@id\":\"https:\/\/bovistudio.eu\/klientai\/\",\"url\":\"https:\/\/bovistudio.eu\/klientai\/\",\"name\":\"Klientai | M\u016bs\u0173 partneriai ir klientai- BOVI Studio\",\"isPartOf\":{\"@id\":\"https:\/\/bovistudio.eu\/#website\"},\"primaryImageOfPage\":{\"@id\":\"https:\/\/bovistudio.eu\/klientai\/#primaryimage\"},\"image\":{\"@id\":\"https:\/\/bovistudio.eu\/klientai\/#primaryimage\"},\"thumbnailUrl\":\"https:\/\/bovistudio.eu\/wp-content\/uploads\/2025\/09\/11910109.png\",\"datePublished\":\"2025-09-02T10:28:43+00:00\",\"dateModified\":\"2026-01-16T08:27:21+00:00\",\"description\":\"Su\u017einokite, kas pasitiki BOVI Studio. M\u016bs\u0173 klientai \u2013 vystytojai ir architektai, vertinantys auk\u0161\u010diausios kokyb\u0117s 3D vizualizacijas.\",\"breadcrumb\":{\"@id\":\"https:\/\/bovistudio.eu\/klientai\/#breadcrumb\"},\"inLanguage\":\"en-US\",\"potentialAction\":[{\"@type\":\"ReadAction\",\"target\":[\"https:\/\/bovistudio.eu\/klientai\/\"]}]},{\"@type\":\"ImageObject\",\"inLanguage\":\"en-US\",\"@id\":\"https:\/\/bovistudio.eu\/klientai\/#primaryimage\",\"url\":\"https:\/\/bovistudio.eu\/wp-content\/uploads\/2025\/09\/11910109.png\",\"contentUrl\":\"https:\/\/bovistudio.eu\/wp-content\/uploads\/2025\/09\/11910109.png\"},{\"@type\":\"BreadcrumbList\",\"@id\":\"https:\/\/bovistudio.eu\/klientai\/#breadcrumb\",\"itemListElement\":[{\"@type\":\"ListItem\",\"position\":1,\"name\":\"Home\",\"item\":\"https:\/\/bovistudio.eu\/\"},{\"@type\":\"ListItem\",\"position\":2,\"name\":\"Klientai\"}]},{\"@type\":\"WebSite\",\"@id\":\"https:\/\/bovistudio.eu\/#website\",\"url\":\"https:\/\/bovistudio.eu\/\",\"name\":\"BOVI Studio\",\"description\":\"3D architekt\u016brin\u0117s vizualizacijos\",\"publisher\":{\"@id\":\"https:\/\/bovistudio.eu\/#organization\"},\"potentialAction\":[{\"@type\":\"SearchAction\",\"target\":{\"@type\":\"EntryPoint\",\"urlTemplate\":\"https:\/\/bovistudio.eu\/?s={search_term_string}\"},\"query-input\":{\"@type\":\"PropertyValueSpecification\",\"valueRequired\":true,\"valueName\":\"search_term_string\"}}],\"inLanguage\":\"en-US\"},{\"@type\":\"Organization\",\"@id\":\"https:\/\/bovistudio.eu\/#organization\",\"name\":\"BOVI Studio\",\"url\":\"https:\/\/bovistudio.eu\/\",\"logo\":{\"@type\":\"ImageObject\",\"inLanguage\":\"en-US\",\"@id\":\"https:\/\/bovistudio.eu\/#\/schema\/logo\/image\/\",\"url\":\"https:\/\/bovistudio.eu\/wp-content\/uploads\/2025\/08\/cropped-logo-su-fonu-4-scaled-1.jpg\",\"contentUrl\":\"https:\/\/bovistudio.eu\/wp-content\/uploads\/2025\/08\/cropped-logo-su-fonu-4-scaled-1.jpg\",\"width\":512,\"height\":512,\"caption\":\"BOVI Studio\"},\"image\":{\"@id\":\"https:\/\/bovistudio.eu\/#\/schema\/logo\/image\/\"}}]}<\/script>\n<!-- \/ Yoast SEO plugin. -->","yoast_head_json":{"title":"Klientai | M\u016bs\u0173 partneriai ir klientai- BOVI Studio","description":"Su\u017einokite, kas pasitiki BOVI Studio. M\u016bs\u0173 klientai \u2013 vystytojai ir architektai, vertinantys auk\u0161\u010diausios kokyb\u0117s 3D vizualizacijas.","robots":{"index":"index","follow":"follow","max-snippet":"max-snippet:-1","max-image-preview":"max-image-preview:large","max-video-preview":"max-video-preview:-1"},"canonical":"https:\/\/bovistudio.eu\/en\/klientai\/","og_locale":"en_US","og_type":"article","og_title":"Klientai | M\u016bs\u0173 partneriai ir klientai- BOVI Studio","og_description":"Su\u017einokite, kas pasitiki BOVI Studio. M\u016bs\u0173 klientai \u2013 vystytojai ir architektai, vertinantys auk\u0161\u010diausios kokyb\u0117s 3D vizualizacijas.","og_url":"https:\/\/bovistudio.eu\/en\/klientai\/","og_site_name":"BOVI Studio","article_modified_time":"2026-01-16T08:27:21+00:00","og_image":[{"url":"https:\/\/bovistudio.eu\/wp-content\/uploads\/2025\/09\/11910109.png","type":"","width":"","height":""}],"twitter_card":"summary_large_image","twitter_misc":{"Est. reading time":"3 minutes"},"schema":{"@context":"https:\/\/schema.org","@graph":[{"@type":"WebPage","@id":"https:\/\/bovistudio.eu\/klientai\/","url":"https:\/\/bovistudio.eu\/klientai\/","name":"Klientai | M\u016bs\u0173 partneriai ir klientai- BOVI Studio","isPartOf":{"@id":"https:\/\/bovistudio.eu\/#website"},"primaryImageOfPage":{"@id":"https:\/\/bovistudio.eu\/klientai\/#primaryimage"},"image":{"@id":"https:\/\/bovistudio.eu\/klientai\/#primaryimage"},"thumbnailUrl":"https:\/\/bovistudio.eu\/wp-content\/uploads\/2025\/09\/11910109.png","datePublished":"2025-09-02T10:28:43+00:00","dateModified":"2026-01-16T08:27:21+00:00","description":"Su\u017einokite, kas pasitiki BOVI Studio. M\u016bs\u0173 klientai \u2013 vystytojai ir architektai, vertinantys auk\u0161\u010diausios kokyb\u0117s 3D vizualizacijas.","breadcrumb":{"@id":"https:\/\/bovistudio.eu\/klientai\/#breadcrumb"},"inLanguage":"en-US","potentialAction":[{"@type":"ReadAction","target":["https:\/\/bovistudio.eu\/klientai\/"]}]},{"@type":"ImageObject","inLanguage":"en-US","@id":"https:\/\/bovistudio.eu\/klientai\/#primaryimage","url":"https:\/\/bovistudio.eu\/wp-content\/uploads\/2025\/09\/11910109.png","contentUrl":"https:\/\/bovistudio.eu\/wp-content\/uploads\/2025\/09\/11910109.png"},{"@type":"BreadcrumbList","@id":"https:\/\/bovistudio.eu\/klientai\/#breadcrumb","itemListElement":[{"@type":"ListItem","position":1,"name":"Home","item":"https:\/\/bovistudio.eu\/"},{"@type":"ListItem","position":2,"name":"Klientai"}]},{"@type":"WebSite","@id":"https:\/\/bovistudio.eu\/#website","url":"https:\/\/bovistudio.eu\/","name":"BOVI Studio","description":"3D architekt\u016brin\u0117s vizualizacijos","publisher":{"@id":"https:\/\/bovistudio.eu\/#organization"},"potentialAction":[{"@type":"SearchAction","target":{"@type":"EntryPoint","urlTemplate":"https:\/\/bovistudio.eu\/?s={search_term_string}"},"query-input":{"@type":"PropertyValueSpecification","valueRequired":true,"valueName":"search_term_string"}}],"inLanguage":"en-US"},{"@type":"Organization","@id":"https:\/\/bovistudio.eu\/#organization","name":"BOVI Studio","url":"https:\/\/bovistudio.eu\/","logo":{"@type":"ImageObject","inLanguage":"en-US","@id":"https:\/\/bovistudio.eu\/#\/schema\/logo\/image\/","url":"https:\/\/bovistudio.eu\/wp-content\/uploads\/2025\/08\/cropped-logo-su-fonu-4-scaled-1.jpg","contentUrl":"https:\/\/bovistudio.eu\/wp-content\/uploads\/2025\/08\/cropped-logo-su-fonu-4-scaled-1.jpg","width":512,"height":512,"caption":"BOVI Studio"},"image":{"@id":"https:\/\/bovistudio.eu\/#\/schema\/logo\/image\/"}}]}},"_links":{"self":[{"href":"https:\/\/bovistudio.eu\/en\/wp-json\/wp\/v2\/pages\/5246","targetHints":{"allow":["GET"]}}],"collection":[{"href":"https:\/\/bovistudio.eu\/en\/wp-json\/wp\/v2\/pages"}],"about":[{"href":"https:\/\/bovistudio.eu\/en\/wp-json\/wp\/v2\/types\/page"}],"author":[{"embeddable":true,"href":"https:\/\/bovistudio.eu\/en\/wp-json\/wp\/v2\/users\/1"}],"replies":[{"embeddable":true,"href":"https:\/\/bovistudio.eu\/en\/wp-json\/wp\/v2\/comments?post=5246"}],"version-history":[{"count":47,"href":"https:\/\/bovistudio.eu\/en\/wp-json\/wp\/v2\/pages\/5246\/revisions"}],"predecessor-version":[{"id":8245,"href":"https:\/\/bovistudio.eu\/en\/wp-json\/wp\/v2\/pages\/5246\/revisions\/8245"}],"wp:attachment":[{"href":"https:\/\/bovistudio.eu\/en\/wp-json\/wp\/v2\/media?parent=5246"}],"curies":[{"name":"wp","href":"https:\/\/api.w.org\/{rel}","templated":true}]}}